{"id":2615,"date":"2025-12-30T05:21:55","date_gmt":"2025-12-30T08:21:55","guid":{"rendered":"https:\/\/novasantarosa.pr.gov.br\/cultura\/?page_id=2615"},"modified":"2026-01-29T17:16:34","modified_gmt":"2026-01-29T20:16:34","slug":"sistema-municipal-de-cultura","status":"publish","type":"page","link":"https:\/\/novasantarosa.pr.gov.br\/cultura\/sistema-municipal-de-cultura\/","title":{"rendered":"Sistema Municipal de Cultura"},"content":{"rendered":"<p>O Sistema Municipal de Cultura (SMC) foi institu\u00eddo pela Lei n\u00ba 1.667\/2014 e tem como objetivo organizar, fortalecer e promover as pol\u00edticas culturais do munic\u00edpio, garantindo a participa\u00e7\u00e3o da sociedade civil e o acesso democr\u00e1tico \u00e0 cultura.<\/p>\n<p>Clique nos links abaixo e saiba mais:<\/p>\n<p><a href=\"https:\/\/novasantarosa.pr.gov.br\/publicacoes\/uploads\/cultura\/sistemamunicipalcultura_1618842591.pdf\" target=\"_blank\" rel=\"noopener\">Lei n\u00ba 1.667\/2014<\/a> \u2013 estabelece as bases para a organiza\u00e7\u00e3o, o planejamento e a gest\u00e3o das pol\u00edticas culturais no munic\u00edpio;<\/p>\n<p><a href=\"https:\/\/novasantarosa.pr.gov.br\/publicacoes\/uploads\/cultura\/planomunicipalcultura_1618842639.pdf\" target=\"_blank\" rel=\"noopener\">Plano Municipal de Cultura<\/a> \u2013 estabelece as diretrizes, objetivos e metas que orientam o desenvolvimento das pol\u00edticas culturais no munic\u00edpio;<\/p>\n<p><a href=\"https:\/\/novasantarosa.pr.gov.br\/cultura\/wp-content\/uploads\/2026\/01\/CNPJ-FUNDO-DE-CULTURA-NSR.pdf\" target=\"_blank\" rel=\"noopener\">Fundo Municipal de Cultura<\/a> \u2013 instrumento respons\u00e1vel pelo apoio, incentivo e financiamento de projetos e a\u00e7\u00f5es culturais;<\/p>\n<p><a href=\"https:\/\/novasantarosa.pr.gov.br\/publicacoes\/uploads\/cultura\/conselhocultura_1744735946.pdf\" target=\"_blank\" rel=\"noopener\">Conselho Municipal de Pol\u00edticas Culturais (CMPC)<\/a> \u2013 espa\u00e7o democr\u00e1tico de di\u00e1logo, participa\u00e7\u00e3o social e articula\u00e7\u00e3o entre o poder p\u00fablico e a sociedade civil.<\/p>\n","protected":false},"excerpt":{"rendered":"<p>O Sistema Municipal de Cultura (SMC) foi institu\u00eddo pela Lei n\u00ba 1.667\/2014 e tem como objetivo organizar, fortalecer e promover as pol\u00edticas culturais do munic\u00edpio, garantindo a participa\u00e7\u00e3o da sociedade [&hellip;]<\/p>\n","protected":false},"author":1,"featured_media":0,"parent":0,"menu_order":0,"comment_status":"closed","ping_status":"closed","template":"","meta":{"tdm_status":"","tdm_grid_status":"","footnotes":""},"class_list":["post-2615","page","type-page","status-publish"],"_links":{"self":[{"href":"https:\/\/novasantarosa.pr.gov.br\/cultura\/wp-json\/wp\/v2\/pages\/2615","targetHints":{"allow":["GET"]}}],"collection":[{"href":"https:\/\/novasantarosa.pr.gov.br\/cultura\/wp-json\/wp\/v2\/pages"}],"about":[{"href":"https:\/\/novasantarosa.pr.gov.br\/cultura\/wp-json\/wp\/v2\/types\/page"}],"author":[{"embeddable":true,"href":"https:\/\/novasantarosa.pr.gov.br\/cultura\/wp-json\/wp\/v2\/users\/1"}],"replies":[{"embeddable":true,"href":"https:\/\/novasantarosa.pr.gov.br\/cultura\/wp-json\/wp\/v2\/comments?post=2615"}],"version-history":[{"count":9,"href":"https:\/\/novasantarosa.pr.gov.br\/cultura\/wp-json\/wp\/v2\/pages\/2615\/revisions"}],"predecessor-version":[{"id":2867,"href":"https:\/\/novasantarosa.pr.gov.br\/cultura\/wp-json\/wp\/v2\/pages\/2615\/revisions\/2867"}],"wp:attachment":[{"href":"https:\/\/novasantarosa.pr.gov.br\/cultura\/wp-json\/wp\/v2\/media?parent=2615"}],"curies":[{"name":"wp","href":"https:\/\/api.w.org\/{rel}","templated":true}]}}