{"id":1031,"date":"2021-01-04T12:30:12","date_gmt":"2021-01-04T12:30:12","guid":{"rendered":"http:\/\/el.commonsupport.com\/newwp\/unico\/?page_id=1031"},"modified":"2021-07-31T01:02:36","modified_gmt":"2021-07-31T04:02:36","slug":"quem-somos","status":"publish","type":"page","link":"https:\/\/novasantarosa.pr.gov.br\/saladoempreendedor\/quem-somos\/","title":{"rendered":"Quem Somos"},"content":{"rendered":"\t\t<div data-elementor-type=\"wp-page\" data-elementor-id=\"1031\" class=\"elementor elementor-1031\">\n\t\t\t\t\t\t<section class=\"elementor-section elementor-top-section elementor-element elementor-element-8a76413 elementor-section-boxed elementor-section-height-default elementor-section-height-default\" data-id=\"8a76413\" data-element_type=\"section\">\n\t\t\t\t\t\t<div class=\"elementor-container elementor-column-gap-default\">\n\t\t\t\t\t<div class=\"elementor-column elementor-col-100 elementor-top-column elementor-element elementor-element-17b36e2\" data-id=\"17b36e2\" data-element_type=\"column\">\n\t\t\t<div class=\"elementor-widget-wrap elementor-element-populated\">\n\t\t\t\t\t\t<div class=\"elementor-element elementor-element-0179dc3 elementor-tabs-view-horizontal elementor-widget elementor-widget-tabs\" data-id=\"0179dc3\" data-element_type=\"widget\" data-widget_type=\"tabs.default\">\n\t\t\t\t<div class=\"elementor-widget-container\">\n\t\t\t\t\t\t\t<div class=\"elementor-tabs\">\n\t\t\t<div class=\"elementor-tabs-wrapper\" role=\"tablist\" >\n\t\t\t\t\t\t\t\t\t<div id=\"elementor-tab-title-1541\" class=\"elementor-tab-title elementor-tab-desktop-title\" aria-selected=\"true\" data-tab=\"1\" role=\"tab\" tabindex=\"0\" aria-controls=\"elementor-tab-content-1541\" aria-expanded=\"false\">O que \u00e9?<\/div>\n\t\t\t\t\t\t\t\t\t<div id=\"elementor-tab-title-1542\" class=\"elementor-tab-title elementor-tab-desktop-title\" aria-selected=\"false\" data-tab=\"2\" role=\"tab\" tabindex=\"-1\" aria-controls=\"elementor-tab-content-1542\" aria-expanded=\"false\">Como funciona?<\/div>\n\t\t\t\t\t\t\t\t\t<div id=\"elementor-tab-title-1543\" class=\"elementor-tab-title elementor-tab-desktop-title\" aria-selected=\"false\" data-tab=\"3\" role=\"tab\" tabindex=\"-1\" aria-controls=\"elementor-tab-content-1543\" aria-expanded=\"false\">Servi\u00e7os<\/div>\n\t\t\t\t\t\t\t<\/div>\n\t\t\t<div class=\"elementor-tabs-content-wrapper\" role=\"tablist\" aria-orientation=\"vertical\">\n\t\t\t\t\t\t\t\t\t<div class=\"elementor-tab-title elementor-tab-mobile-title\" aria-selected=\"true\" data-tab=\"1\" role=\"tab\" tabindex=\"0\" aria-controls=\"elementor-tab-content-1541\" aria-expanded=\"false\">O que \u00e9?<\/div>\n\t\t\t\t\t<div id=\"elementor-tab-content-1541\" class=\"elementor-tab-content elementor-clearfix\" data-tab=\"1\" role=\"tabpanel\" aria-labelledby=\"elementor-tab-title-1541\" tabindex=\"0\" hidden=\"false\"><p>A Sala do empreendedor tem como objetivo incentivar a legaliza\u00e7\u00e3o de neg\u00f3cios informais que se enquadrem nos requisitos estabelecidos pela Lei Complementar 123\/06, tamb\u00e9m conhecida como Lei Geral da Micro e Pequena Empresa, facilitar a abertura de novas empresas e regularizar as atividades informais e oferecer servi\u00e7os aos Microempreendedores Individuais (MEI).<\/p><\/div>\n\t\t\t\t\t\t\t\t\t<div class=\"elementor-tab-title elementor-tab-mobile-title\" aria-selected=\"false\" data-tab=\"2\" role=\"tab\" tabindex=\"-1\" aria-controls=\"elementor-tab-content-1542\" aria-expanded=\"false\">Como funciona?<\/div>\n\t\t\t\t\t<div id=\"elementor-tab-content-1542\" class=\"elementor-tab-content elementor-clearfix\" data-tab=\"2\" role=\"tabpanel\" aria-labelledby=\"elementor-tab-title-1542\" tabindex=\"0\" hidden=\"hidden\"><p>Sala do Empreendedor \u00e9 um espa\u00e7o f\u00edsico localizado na Avenida Tucunduva 873, anexo a prefeitura municipal que atende de segunda a sexta-feira nos hor\u00e1rios de 8:00 as 11:30 e 13:30 as 17:00 horas, em que a Prefeitura em parceria com institui\u00e7\u00f5es locais, estaduais e federais, com atua\u00e7\u00e3o regional, visa centralizar e agilizar os servi\u00e7os de abertura, altera\u00e7\u00e3o e baixa de empresas, al\u00e9m de reunir informa\u00e7\u00f5es t\u00e9cnicas e administrativas necess\u00e1rias para os encaminhamentos relacionados aos empreendimentos, existentes ou novos do seu munic\u00edpio.<\/p><\/div>\n\t\t\t\t\t\t\t\t\t<div class=\"elementor-tab-title elementor-tab-mobile-title\" aria-selected=\"false\" data-tab=\"3\" role=\"tab\" tabindex=\"-1\" aria-controls=\"elementor-tab-content-1543\" aria-expanded=\"false\">Servi\u00e7os<\/div>\n\t\t\t\t\t<div id=\"elementor-tab-content-1543\" class=\"elementor-tab-content elementor-clearfix\" data-tab=\"3\" role=\"tabpanel\" aria-labelledby=\"elementor-tab-title-1543\" tabindex=\"0\" hidden=\"hidden\"><p>Alguns dos servi\u00e7os disponibilizados pela Sala do Empreendedor de Nova Santa Rosa s\u00e3o:<\/p><p>Formaliza\u00e7\u00e3o<br \/>Altera\u00e7\u00e3o<br \/>Baixa<br \/>Emiss\u00e3o de notas fiscais<br \/>Emiss\u00e3o de guia DAS<br \/>Orienta\u00e7\u00f5es para Licita\u00e7\u00f5es<br \/>Consultorias<br \/>Oficinas<br \/>Cursos<br \/>Elabora\u00e7\u00e3o de projetos de cr\u00e9dito<\/p><\/div>\n\t\t\t\t\t\t\t<\/div>\n\t\t<\/div>\n\t\t\t\t\t\t<\/div>\n\t\t\t\t<\/div>\n\t\t\t\t\t<\/div>\n\t\t<\/div>\n\t\t\t\t\t<\/div>\n\t\t<\/section>\n\t\t\t\t<section class=\"elementor-section elementor-top-section elementor-element elementor-element-7c8c5ef elementor-section-full_width elementor-section-height-default elementor-section-height-default\" data-id=\"7c8c5ef\" data-element_type=\"section\">\n\t\t\t\t\t\t<div class=\"elementor-container elementor-column-gap-default\">\n\t\t\t\t\t<div class=\"elementor-column elementor-col-100 elementor-top-column elementor-element elementor-element-f040c4a\" data-id=\"f040c4a\" data-element_type=\"column\">\n\t\t\t<div class=\"elementor-widget-wrap\">\n\t\t\t\t\t\t\t<\/div>\n\t\t<\/div>\n\t\t\t\t\t<\/div>\n\t\t<\/section>\n\t\t\t\t<\/div>\n\t\t","protected":false},"excerpt":{"rendered":"<p>O que \u00e9? Como funciona? Servi\u00e7os O que \u00e9? A Sala do empreendedor tem como objetivo incentivar a legaliza\u00e7\u00e3o de neg\u00f3cios informais que se enquadrem nos requisitos estabelecidos pela Lei Complementar 123\/06, tamb\u00e9m conhecida como Lei Geral da Micro e Pequena Empresa, facilitar a abertura de novas empresas e regularizar as atividades informais e oferecer [&hellip;]<\/p>\n","protected":false},"author":1,"featured_media":0,"parent":0,"menu_order":0,"comment_status":"closed","ping_status":"closed","template":"tpl-default-elementor.php","meta":{"footnotes":""},"class_list":["post-1031","page","type-page","status-publish","hentry"],"_links":{"self":[{"href":"https:\/\/novasantarosa.pr.gov.br\/saladoempreendedor\/wp-json\/wp\/v2\/pages\/1031","targetHints":{"allow":["GET"]}}],"collection":[{"href":"https:\/\/novasantarosa.pr.gov.br\/saladoempreendedor\/wp-json\/wp\/v2\/pages"}],"about":[{"href":"https:\/\/novasantarosa.pr.gov.br\/saladoempreendedor\/wp-json\/wp\/v2\/types\/page"}],"author":[{"embeddable":true,"href":"https:\/\/novasantarosa.pr.gov.br\/saladoempreendedor\/wp-json\/wp\/v2\/users\/1"}],"replies":[{"embeddable":true,"href":"https:\/\/novasantarosa.pr.gov.br\/saladoempreendedor\/wp-json\/wp\/v2\/comments?post=1031"}],"version-history":[{"count":66,"href":"https:\/\/novasantarosa.pr.gov.br\/saladoempreendedor\/wp-json\/wp\/v2\/pages\/1031\/revisions"}],"predecessor-version":[{"id":2782,"href":"https:\/\/novasantarosa.pr.gov.br\/saladoempreendedor\/wp-json\/wp\/v2\/pages\/1031\/revisions\/2782"}],"wp:attachment":[{"href":"https:\/\/novasantarosa.pr.gov.br\/saladoempreendedor\/wp-json\/wp\/v2\/media?parent=1031"}],"curies":[{"name":"wp","href":"https:\/\/api.w.org\/{rel}","templated":true}]}}