{"id":1536,"date":"2021-01-07T08:28:21","date_gmt":"2021-01-07T08:28:21","guid":{"rendered":"http:\/\/el.commonsupport.com\/newwp\/unico\/?page_id=1536"},"modified":"2021-07-31T02:05:05","modified_gmt":"2021-07-31T05:05:05","slug":"sobre-o-mei","status":"publish","type":"page","link":"https:\/\/novasantarosa.pr.gov.br\/saladoempreendedor\/sobre-o-mei\/","title":{"rendered":"Sobre o MEI"},"content":{"rendered":"\t\t<div data-elementor-type=\"wp-page\" data-elementor-id=\"1536\" class=\"elementor elementor-1536\">\n\t\t\t\t\t\t<section class=\"elementor-section elementor-top-section elementor-element elementor-element-be35989 elementor-section-boxed elementor-section-height-default elementor-section-height-default\" data-id=\"be35989\" data-element_type=\"section\">\n\t\t\t\t\t\t<div class=\"elementor-container elementor-column-gap-default\">\n\t\t\t\t\t<div class=\"elementor-column elementor-col-100 elementor-top-column elementor-element elementor-element-17f4185\" data-id=\"17f4185\" data-element_type=\"column\">\n\t\t\t<div class=\"elementor-widget-wrap elementor-element-populated\">\n\t\t\t\t\t\t<div class=\"elementor-element elementor-element-4d018bc elementor-tabs-view-horizontal elementor-widget elementor-widget-tabs\" data-id=\"4d018bc\" data-element_type=\"widget\" data-widget_type=\"tabs.default\">\n\t\t\t\t<div class=\"elementor-widget-container\">\n\t\t\t\t\t\t\t<div class=\"elementor-tabs\">\n\t\t\t<div class=\"elementor-tabs-wrapper\" role=\"tablist\" >\n\t\t\t\t\t\t\t\t\t<div id=\"elementor-tab-title-8071\" class=\"elementor-tab-title elementor-tab-desktop-title\" aria-selected=\"true\" data-tab=\"1\" role=\"tab\" tabindex=\"0\" aria-controls=\"elementor-tab-content-8071\" aria-expanded=\"false\">O que \u00e9?<\/div>\n\t\t\t\t\t\t\t\t\t<div id=\"elementor-tab-title-8072\" class=\"elementor-tab-title elementor-tab-desktop-title\" aria-selected=\"false\" data-tab=\"2\" role=\"tab\" tabindex=\"-1\" aria-controls=\"elementor-tab-content-8072\" aria-expanded=\"false\">Categorias<\/div>\n\t\t\t\t\t\t\t\t\t<div id=\"elementor-tab-title-8073\" class=\"elementor-tab-title elementor-tab-desktop-title\" aria-selected=\"false\" data-tab=\"3\" role=\"tab\" tabindex=\"-1\" aria-controls=\"elementor-tab-content-8073\" aria-expanded=\"false\">Direitos e Deveres<\/div>\n\t\t\t\t\t\t\t\t\t<div id=\"elementor-tab-title-8074\" class=\"elementor-tab-title elementor-tab-desktop-title\" aria-selected=\"false\" data-tab=\"4\" role=\"tab\" tabindex=\"-1\" aria-controls=\"elementor-tab-content-8074\" aria-expanded=\"false\">Nota Fiscal para MEI<\/div>\n\t\t\t\t\t\t\t\t\t<div id=\"elementor-tab-title-8075\" class=\"elementor-tab-title elementor-tab-desktop-title\" aria-selected=\"false\" data-tab=\"5\" role=\"tab\" tabindex=\"-1\" aria-controls=\"elementor-tab-content-8075\" aria-expanded=\"false\">Baixa<\/div>\n\t\t\t\t\t\t\t<\/div>\n\t\t\t<div class=\"elementor-tabs-content-wrapper\" role=\"tablist\" aria-orientation=\"vertical\">\n\t\t\t\t\t\t\t\t\t<div class=\"elementor-tab-title elementor-tab-mobile-title\" aria-selected=\"true\" data-tab=\"1\" role=\"tab\" tabindex=\"0\" aria-controls=\"elementor-tab-content-8071\" aria-expanded=\"false\">O que \u00e9?<\/div>\n\t\t\t\t\t<div id=\"elementor-tab-content-8071\" class=\"elementor-tab-content elementor-clearfix\" data-tab=\"1\" role=\"tabpanel\" aria-labelledby=\"elementor-tab-title-8071\" tabindex=\"0\" hidden=\"false\"><p>O MEI \u00e9 modalidade de microempresa, conforme Lei Complementar n\u00ba 123\/2006, art. 3\u00ba, inciso I; art. 18-E, \u00a7 3\u00ba e \u00e9 considerado pelo C\u00f3digo Civil como empres\u00e1rio individual (art. 966 da Lei no 10.406, de 10 de janeiro de 2002). Diz respeito ao pequeno empres\u00e1rio que trabalha por conta pr\u00f3pria e que n\u00e3o pode fazer parte do quadro societ\u00e1rio de outra empresa.<\/p><p>Microempreendedor Individual \u00e9 uma categoria empresarial com os benef\u00edcios da previd\u00eancia social, enquadrado no Simples Nacional.<\/p><\/div>\n\t\t\t\t\t\t\t\t\t<div class=\"elementor-tab-title elementor-tab-mobile-title\" aria-selected=\"false\" data-tab=\"2\" role=\"tab\" tabindex=\"-1\" aria-controls=\"elementor-tab-content-8072\" aria-expanded=\"false\">Categorias<\/div>\n\t\t\t\t\t<div id=\"elementor-tab-content-8072\" class=\"elementor-tab-content elementor-clearfix\" data-tab=\"2\" role=\"tabpanel\" aria-labelledby=\"elementor-tab-title-8072\" tabindex=\"0\" hidden=\"hidden\"><p>O Microempreendedor Individual \u00e9 divido em tr\u00eas categorias: Com\u00e9rcio, Ind\u00fastria e Servi\u00e7o.<\/p><\/div>\n\t\t\t\t\t\t\t\t\t<div class=\"elementor-tab-title elementor-tab-mobile-title\" aria-selected=\"false\" data-tab=\"3\" role=\"tab\" tabindex=\"-1\" aria-controls=\"elementor-tab-content-8073\" aria-expanded=\"false\">Direitos e Deveres<\/div>\n\t\t\t\t\t<div id=\"elementor-tab-content-8073\" class=\"elementor-tab-content elementor-clearfix\" data-tab=\"3\" role=\"tabpanel\" aria-labelledby=\"elementor-tab-title-8073\" tabindex=\"0\" hidden=\"hidden\"><p><strong>Direitos<\/strong><\/p><p>O Microempreendedor Individual, estando com as suas obriga\u00e7\u00f5es em dia, tem direito aos seguintes benef\u00edcios:<\/p><ul><li>&#8211; Aposentadoria<\/li><li>&#8211; Aux\u00edlio Maternidade<\/li><li>&#8211; Afastamento remunerado por doen\u00e7a<\/li><li>&#8211; CNPJ para conta em banco e acesso a linhas de cr\u00e9dito<\/li><li>&#8211; Possibilidade de vender para \u00f3rg\u00e3os p\u00fablicos<\/li><\/ul><p><strong>Deveres<\/strong><\/p><p>O MEI deve cumprir as seguintes obriga\u00e7\u00f5es:<\/p><ul><li>&#8211; Preencher mensalmente o relat\u00f3rio mensal de faturamento bruto<\/li><li>&#8211; Efetuar o pagamento mensal da DAS<\/li><li>&#8211; Efetuar a declara\u00e7\u00e3o de rendimento anual DASN, at\u00e9 o dia 31 de maio de cada Ano<\/li><li>&#8211; Emitir notas fiscais quando necess\u00e1rio.<\/li><\/ul><\/div>\n\t\t\t\t\t\t\t\t\t<div class=\"elementor-tab-title elementor-tab-mobile-title\" aria-selected=\"false\" data-tab=\"4\" role=\"tab\" tabindex=\"-1\" aria-controls=\"elementor-tab-content-8074\" aria-expanded=\"false\">Nota Fiscal para MEI<\/div>\n\t\t\t\t\t<div id=\"elementor-tab-content-8074\" class=\"elementor-tab-content elementor-clearfix\" data-tab=\"4\" role=\"tabpanel\" aria-labelledby=\"elementor-tab-title-8074\" tabindex=\"0\" hidden=\"hidden\"><p>O Microempreendedor Individual n\u00e3o tem a obrigatoriedade de emitir nota fiscal, por\u00e9m tem esta disponibilidade.<\/p><p>Para emitir a Nota Fiscal de Venda ou de Presta\u00e7\u00e3o de Servi\u00e7os, o MEI deve procurar a Secretaria de Fazenda do Estado (para as atividades de vendas e\/ou industrializa\u00e7\u00e3o) ou do Munic\u00edpio (para atividades de presta\u00e7\u00e3o servi\u00e7os e\/ou servi\u00e7os de transporte municipal) para solicitar a Autoriza\u00e7\u00e3o de Impress\u00e3o de Nota Fiscal.<\/p><p>A Sala do Empreendedor de Nova Santa Rosa disponibiliza o trabalho de emiss\u00e3o de notas, por\u00e9m, se voc\u00ea Micro Empreendedor de Nova Santa Rosa j\u00e1 tem senha de acesso ao sistema de emiss\u00e3o de notas, poder\u00e1 emiti-l\u00e1s pela Internet.<\/p><p><a href=\"https:\/\/novasantarosa.atende.net\/?pg=autoatendimento#!\/tipo\/servico\/valor\/82\/padrao\/1\/load\/1\" target=\"_blank\" rel=\"noopener\">Clique aqui para emitir sua Nota fiscal de Presta\u00e7\u00e3o de Servi\u00e7o (Munic\u00edpio)<\/a><\/p><p><a href=\"https:\/\/receita.pr.gov.br\/login\" target=\"_blank\" rel=\"noopener\">Clique aqui para emitir sua\u00a0Nota Fiscal de Venda ou Industrializa\u00e7\u00e3o (Estado)<\/a><\/p><\/div>\n\t\t\t\t\t\t\t\t\t<div class=\"elementor-tab-title elementor-tab-mobile-title\" aria-selected=\"false\" data-tab=\"5\" role=\"tab\" tabindex=\"-1\" aria-controls=\"elementor-tab-content-8075\" aria-expanded=\"false\">Baixa<\/div>\n\t\t\t\t\t<div id=\"elementor-tab-content-8075\" class=\"elementor-tab-content elementor-clearfix\" data-tab=\"5\" role=\"tabpanel\" aria-labelledby=\"elementor-tab-title-8075\" tabindex=\"0\" hidden=\"hidden\"><p>Este servi\u00e7o permite realizar a baixa da inscri\u00e7\u00e3o do CNPJ de Microempreendedor Individual (MEI) que deseja fechar o seu neg\u00f3cio.<\/p><p>A baixa do CNPJ MEI gera a baixa das inscri\u00e7\u00f5es nas administra\u00e7\u00f5es tribut\u00e1rias estadual e municipal e o cancelamento das licen\u00e7as e dos alvar\u00e1s concedidos e demais inscri\u00e7\u00f5es.<\/p><\/div>\n\t\t\t\t\t\t\t<\/div>\n\t\t<\/div>\n\t\t\t\t\t\t<\/div>\n\t\t\t\t<\/div>\n\t\t\t\t\t<\/div>\n\t\t<\/div>\n\t\t\t\t\t<\/div>\n\t\t<\/section>\n\t\t\t\t<section class=\"elementor-section elementor-top-section elementor-element elementor-element-a7932b4 elementor-section-full_width elementor-section-height-default elementor-section-height-default\" data-id=\"a7932b4\" data-element_type=\"section\">\n\t\t\t\t\t\t<div class=\"elementor-container elementor-column-gap-default\">\n\t\t\t\t\t<div class=\"elementor-column elementor-col-100 elementor-top-column elementor-element elementor-element-86f6f39\" data-id=\"86f6f39\" data-element_type=\"column\">\n\t\t\t<div class=\"elementor-widget-wrap\">\n\t\t\t\t\t\t\t<\/div>\n\t\t<\/div>\n\t\t\t\t\t<\/div>\n\t\t<\/section>\n\t\t\t\t<section class=\"elementor-section elementor-top-section elementor-element elementor-element-8496d4f elementor-section-boxed elementor-section-height-default elementor-section-height-default\" data-id=\"8496d4f\" data-element_type=\"section\">\n\t\t\t\t\t\t<div class=\"elementor-container elementor-column-gap-default\">\n\t\t\t\t\t<div class=\"elementor-column elementor-col-100 elementor-top-column elementor-element elementor-element-73c2522\" data-id=\"73c2522\" data-element_type=\"column\">\n\t\t\t<div class=\"elementor-widget-wrap\">\n\t\t\t\t\t\t\t<\/div>\n\t\t<\/div>\n\t\t\t\t\t<\/div>\n\t\t<\/section>\n\t\t\t\t<\/div>\n\t\t","protected":false},"excerpt":{"rendered":"<p>O que \u00e9? Categorias Direitos e Deveres Nota Fiscal para MEI Baixa O que \u00e9? O MEI \u00e9 modalidade de microempresa, conforme Lei Complementar n\u00ba 123\/2006, art. 3\u00ba, inciso I; art. 18-E, \u00a7 3\u00ba e \u00e9 considerado pelo C\u00f3digo Civil como empres\u00e1rio individual (art. 966 da Lei no 10.406, de 10 de janeiro de 2002). [&hellip;]<\/p>\n","protected":false},"author":1,"featured_media":0,"parent":0,"menu_order":0,"comment_status":"closed","ping_status":"closed","template":"tpl-default-elementor.php","meta":{"footnotes":""},"class_list":["post-1536","page","type-page","status-publish","hentry"],"_links":{"self":[{"href":"https:\/\/novasantarosa.pr.gov.br\/saladoempreendedor\/wp-json\/wp\/v2\/pages\/1536","targetHints":{"allow":["GET"]}}],"collection":[{"href":"https:\/\/novasantarosa.pr.gov.br\/saladoempreendedor\/wp-json\/wp\/v2\/pages"}],"about":[{"href":"https:\/\/novasantarosa.pr.gov.br\/saladoempreendedor\/wp-json\/wp\/v2\/types\/page"}],"author":[{"embeddable":true,"href":"https:\/\/novasantarosa.pr.gov.br\/saladoempreendedor\/wp-json\/wp\/v2\/users\/1"}],"replies":[{"embeddable":true,"href":"https:\/\/novasantarosa.pr.gov.br\/saladoempreendedor\/wp-json\/wp\/v2\/comments?post=1536"}],"version-history":[{"count":15,"href":"https:\/\/novasantarosa.pr.gov.br\/saladoempreendedor\/wp-json\/wp\/v2\/pages\/1536\/revisions"}],"predecessor-version":[{"id":2808,"href":"https:\/\/novasantarosa.pr.gov.br\/saladoempreendedor\/wp-json\/wp\/v2\/pages\/1536\/revisions\/2808"}],"wp:attachment":[{"href":"https:\/\/novasantarosa.pr.gov.br\/saladoempreendedor\/wp-json\/wp\/v2\/media?parent=1536"}],"curies":[{"name":"wp","href":"https:\/\/api.w.org\/{rel}","templated":true}]}}