{"id":1560,"date":"2021-01-07T08:57:21","date_gmt":"2021-01-07T08:57:21","guid":{"rendered":"http:\/\/el.commonsupport.com\/newwp\/unico\/?page_id=1560"},"modified":"2021-07-31T01:53:16","modified_gmt":"2021-07-31T04:53:16","slug":"quanto-custa-ser-mei","status":"publish","type":"page","link":"https:\/\/novasantarosa.pr.gov.br\/saladoempreendedor\/quanto-custa-ser-mei\/","title":{"rendered":"Quanto Custa ser MEI"},"content":{"rendered":"\t\t<div data-elementor-type=\"wp-page\" data-elementor-id=\"1560\" class=\"elementor elementor-1560\">\n\t\t\t\t\t\t<section class=\"elementor-section elementor-top-section elementor-element elementor-element-6674d79 elementor-section-boxed elementor-section-height-default elementor-section-height-default\" data-id=\"6674d79\" data-element_type=\"section\">\n\t\t\t\t\t\t<div class=\"elementor-container elementor-column-gap-default\">\n\t\t\t\t\t<div class=\"elementor-column elementor-col-100 elementor-top-column elementor-element elementor-element-ba6e106\" data-id=\"ba6e106\" data-element_type=\"column\">\n\t\t\t<div class=\"elementor-widget-wrap elementor-element-populated\">\n\t\t\t\t\t\t<div class=\"elementor-element elementor-element-eae8466 elementor-tabs-view-horizontal elementor-widget elementor-widget-tabs\" data-id=\"eae8466\" data-element_type=\"widget\" data-widget_type=\"tabs.default\">\n\t\t\t\t<div class=\"elementor-widget-container\">\n\t\t\t\t\t\t\t<div class=\"elementor-tabs\">\n\t\t\t<div class=\"elementor-tabs-wrapper\" role=\"tablist\" >\n\t\t\t\t\t\t\t\t\t<div id=\"elementor-tab-title-2461\" class=\"elementor-tab-title elementor-tab-desktop-title\" aria-selected=\"true\" data-tab=\"1\" role=\"tab\" tabindex=\"0\" aria-controls=\"elementor-tab-content-2461\" aria-expanded=\"false\">Custo Mensal<\/div>\n\t\t\t\t\t\t\t\t\t<div id=\"elementor-tab-title-2462\" class=\"elementor-tab-title elementor-tab-desktop-title\" aria-selected=\"false\" data-tab=\"2\" role=\"tab\" tabindex=\"-1\" aria-controls=\"elementor-tab-content-2462\" aria-expanded=\"false\">Emiss\u00e3o das Guias (DAS)<\/div>\n\t\t\t\t\t\t\t\t\t<div id=\"elementor-tab-title-2463\" class=\"elementor-tab-title elementor-tab-desktop-title\" aria-selected=\"false\" data-tab=\"3\" role=\"tab\" tabindex=\"-1\" aria-controls=\"elementor-tab-content-2463\" aria-expanded=\"false\">Outras Informa\u00e7\u00f5es<\/div>\n\t\t\t\t\t\t\t<\/div>\n\t\t\t<div class=\"elementor-tabs-content-wrapper\" role=\"tablist\" aria-orientation=\"vertical\">\n\t\t\t\t\t\t\t\t\t<div class=\"elementor-tab-title elementor-tab-mobile-title\" aria-selected=\"true\" data-tab=\"1\" role=\"tab\" tabindex=\"0\" aria-controls=\"elementor-tab-content-2461\" aria-expanded=\"false\">Custo Mensal<\/div>\n\t\t\t\t\t<div id=\"elementor-tab-content-2461\" class=\"elementor-tab-content elementor-clearfix\" data-tab=\"1\" role=\"tabpanel\" aria-labelledby=\"elementor-tab-title-2461\" tabindex=\"0\" hidden=\"false\"><p>O pagamento do MEI correspondente a 5% do sal\u00e1rio m\u00ednimo, R$ 1,00 de ICMS, caso seja contribuinte desse imposto e\/ou R$ 5,00 (cinco reais), a t\u00edtulo de ISS, caso seja contribuinte desse imposto.<\/p><p>Confira os valores por ramo de atividade:<\/p><ul><li>&#8211; Com\u00e9rcio ou Ind\u00fastria <strong>( R$56,00 )<\/strong><\/li><li>&#8211; Presta\u00e7\u00e3o de Servi\u00e7os ( <strong>R$60,00 )<\/strong><\/li><li>&#8211; Com\u00e9rcio + Servi\u00e7os\u00a0 <strong>( R$61,00 )<\/strong><\/li><\/ul><\/div>\n\t\t\t\t\t\t\t\t\t<div class=\"elementor-tab-title elementor-tab-mobile-title\" aria-selected=\"false\" data-tab=\"2\" role=\"tab\" tabindex=\"-1\" aria-controls=\"elementor-tab-content-2462\" aria-expanded=\"false\">Emiss\u00e3o das Guias (DAS)<\/div>\n\t\t\t\t\t<div id=\"elementor-tab-content-2462\" class=\"elementor-tab-content elementor-clearfix\" data-tab=\"2\" role=\"tabpanel\" aria-labelledby=\"elementor-tab-title-2462\" tabindex=\"0\" hidden=\"hidden\"><p><strong>Como emitir as guias de pagamento (DAS) para pagar os tributos do Microempreendedor Individual (MEI)?<\/strong><\/p><p>Al\u00e9m deste servi\u00e7o estar \u00e0 disposi\u00e7\u00e3o na Sala do Empreendedor, o MEI ainda pode acessar o site da Receita e assim emitir suas guias.<\/p><p><a href=\"http:\/\/www8.receita.fazenda.gov.br\/SimplesNacional\/Aplicacoes\/ATSPO\/pgmei.app\/Identificacao\" target=\"_blank\" rel=\"noopener\">Clique aqui<\/a> para acessar o site da Receita e emitir a guia DAS.<\/p><p>\u00a0<\/p><\/div>\n\t\t\t\t\t\t\t\t\t<div class=\"elementor-tab-title elementor-tab-mobile-title\" aria-selected=\"false\" data-tab=\"3\" role=\"tab\" tabindex=\"-1\" aria-controls=\"elementor-tab-content-2463\" aria-expanded=\"false\">Outras Informa\u00e7\u00f5es<\/div>\n\t\t\t\t\t<div id=\"elementor-tab-content-2463\" class=\"elementor-tab-content elementor-clearfix\" data-tab=\"3\" role=\"tabpanel\" aria-labelledby=\"elementor-tab-title-2463\" tabindex=\"0\" hidden=\"hidden\"><p>O Microempreendedor Individual (MEI) <strong>n\u00e3o deve<\/strong> pagar cobran\u00e7as recebidas por correio tradicional, correio eletr\u00f4nico ou mensagem de celular, referentes a servi\u00e7os\u00a0de inscri\u00e7\u00e3o, altera\u00e7\u00e3o, baixa, assessoramento ou afilia\u00e7\u00e3o a qualquer entidade, salvo quando ele tenha solicitado ou contratado tais servi\u00e7os.<\/p><p>O MEI n\u00e3o \u00e9 obrigado a recolher contribui\u00e7\u00e3o Sindical Patronal, com base no artigo 13, caput e \u00a7 3\u00ba da Lei Complementar n\u00ba 123\/2006, observadas as altera\u00e7\u00f5es promovidas pela Lei Complementar n\u00ba 127\/2007 e pela Lei Complementar n\u00ba 128\/2008.<\/p><\/div>\n\t\t\t\t\t\t\t<\/div>\n\t\t<\/div>\n\t\t\t\t\t\t<\/div>\n\t\t\t\t<\/div>\n\t\t\t\t\t<\/div>\n\t\t<\/div>\n\t\t\t\t\t<\/div>\n\t\t<\/section>\n\t\t\t\t<section class=\"elementor-section elementor-top-section elementor-element elementor-element-ca9f78a elementor-section-full_width elementor-section-height-default elementor-section-height-default\" data-id=\"ca9f78a\" data-element_type=\"section\">\n\t\t\t\t\t\t<div class=\"elementor-container elementor-column-gap-default\">\n\t\t\t\t\t<div class=\"elementor-column elementor-col-100 elementor-top-column elementor-element elementor-element-d4746c4\" data-id=\"d4746c4\" data-element_type=\"column\">\n\t\t\t<div class=\"elementor-widget-wrap\">\n\t\t\t\t\t\t\t<\/div>\n\t\t<\/div>\n\t\t\t\t\t<\/div>\n\t\t<\/section>\n\t\t\t\t<\/div>\n\t\t","protected":false},"excerpt":{"rendered":"<p>Custo Mensal Emiss\u00e3o das Guias (DAS) Outras Informa\u00e7\u00f5es Custo Mensal O pagamento do MEI correspondente a 5% do sal\u00e1rio m\u00ednimo, R$ 1,00 de ICMS, caso seja contribuinte desse imposto e\/ou R$ 5,00 (cinco reais), a t\u00edtulo de ISS, caso seja contribuinte desse imposto. Confira os valores por ramo de atividade: &#8211; Com\u00e9rcio ou Ind\u00fastria ( [&hellip;]<\/p>\n","protected":false},"author":1,"featured_media":0,"parent":0,"menu_order":0,"comment_status":"closed","ping_status":"closed","template":"tpl-default-elementor.php","meta":{"footnotes":""},"class_list":["post-1560","page","type-page","status-publish","hentry"],"_links":{"self":[{"href":"https:\/\/novasantarosa.pr.gov.br\/saladoempreendedor\/wp-json\/wp\/v2\/pages\/1560","targetHints":{"allow":["GET"]}}],"collection":[{"href":"https:\/\/novasantarosa.pr.gov.br\/saladoempreendedor\/wp-json\/wp\/v2\/pages"}],"about":[{"href":"https:\/\/novasantarosa.pr.gov.br\/saladoempreendedor\/wp-json\/wp\/v2\/types\/page"}],"author":[{"embeddable":true,"href":"https:\/\/novasantarosa.pr.gov.br\/saladoempreendedor\/wp-json\/wp\/v2\/users\/1"}],"replies":[{"embeddable":true,"href":"https:\/\/novasantarosa.pr.gov.br\/saladoempreendedor\/wp-json\/wp\/v2\/comments?post=1560"}],"version-history":[{"count":8,"href":"https:\/\/novasantarosa.pr.gov.br\/saladoempreendedor\/wp-json\/wp\/v2\/pages\/1560\/revisions"}],"predecessor-version":[{"id":2802,"href":"https:\/\/novasantarosa.pr.gov.br\/saladoempreendedor\/wp-json\/wp\/v2\/pages\/1560\/revisions\/2802"}],"wp:attachment":[{"href":"https:\/\/novasantarosa.pr.gov.br\/saladoempreendedor\/wp-json\/wp\/v2\/media?parent=1560"}],"curies":[{"name":"wp","href":"https:\/\/api.w.org\/{rel}","templated":true}]}}