{"id":1603,"date":"2021-01-07T10:02:48","date_gmt":"2021-01-07T10:02:48","guid":{"rendered":"http:\/\/el.commonsupport.com\/newwp\/unico\/?page_id=1603"},"modified":"2021-07-31T01:28:09","modified_gmt":"2021-07-31T04:28:09","slug":"credito","status":"publish","type":"page","link":"https:\/\/novasantarosa.pr.gov.br\/saladoempreendedor\/credito\/","title":{"rendered":"Cr\u00e9dito"},"content":{"rendered":"\t\t<div data-elementor-type=\"wp-page\" data-elementor-id=\"1603\" class=\"elementor elementor-1603\">\n\t\t\t\t\t\t<section class=\"elementor-section elementor-top-section elementor-element elementor-element-94d3f2b elementor-section-boxed elementor-section-height-default elementor-section-height-default\" data-id=\"94d3f2b\" data-element_type=\"section\">\n\t\t\t\t\t\t<div class=\"elementor-container elementor-column-gap-default\">\n\t\t\t\t\t<div class=\"elementor-column elementor-col-100 elementor-top-column elementor-element elementor-element-3d4623b\" data-id=\"3d4623b\" data-element_type=\"column\">\n\t\t\t<div class=\"elementor-widget-wrap elementor-element-populated\">\n\t\t\t\t\t\t<div class=\"elementor-element elementor-element-e902608 elementor-tabs-view-horizontal elementor-widget elementor-widget-tabs\" data-id=\"e902608\" data-element_type=\"widget\" data-widget_type=\"tabs.default\">\n\t\t\t\t<div class=\"elementor-widget-container\">\n\t\t\t\t\t\t\t<div class=\"elementor-tabs\">\n\t\t\t<div class=\"elementor-tabs-wrapper\" role=\"tablist\" >\n\t\t\t\t\t\t\t\t\t<div id=\"elementor-tab-title-2441\" class=\"elementor-tab-title elementor-tab-desktop-title\" aria-selected=\"true\" data-tab=\"1\" role=\"tab\" tabindex=\"0\" aria-controls=\"elementor-tab-content-2441\" aria-expanded=\"false\">Posso obter cr\u00e9dito sendo MEI?<\/div>\n\t\t\t\t\t\t\t<\/div>\n\t\t\t<div class=\"elementor-tabs-content-wrapper\" role=\"tablist\" aria-orientation=\"vertical\">\n\t\t\t\t\t\t\t\t\t<div class=\"elementor-tab-title elementor-tab-mobile-title\" aria-selected=\"true\" data-tab=\"1\" role=\"tab\" tabindex=\"0\" aria-controls=\"elementor-tab-content-2441\" aria-expanded=\"false\">Posso obter cr\u00e9dito sendo MEI?<\/div>\n\t\t\t\t\t<div id=\"elementor-tab-content-2441\" class=\"elementor-tab-content elementor-clearfix\" data-tab=\"1\" role=\"tabpanel\" aria-labelledby=\"elementor-tab-title-2441\" tabindex=\"0\" hidden=\"false\"><p>No dia a dia das atividades do empreendedor nem sempre as coisas se encaixam perfeitamente, e pode haver momentos de sobra ou de falta de dinheiro.<\/p><p>Quando sobra, tudo \u00e9 mais f\u00e1cil, pode-se aplicar o dinheiro e esperar a melhor hora para utiliz\u00e1-lo. Por\u00e9m, quando falta, geralmente h\u00e1 a necessidade de cr\u00e9dito.<\/p><p>Para manter a atividade empresarial saud\u00e1vel e sustent\u00e1vel, ou em crescimento, \u00e9 importante planejar como vai ser a quest\u00e3o financeira. V\u00e1rias decis\u00f5es importantes de um empreendedor dependem de recursos financeiros. A conquista de cr\u00e9dito depende, acima de tudo, da boa gest\u00e3o do neg\u00f3cio e dos fundamentos da decis\u00e3o de investir. Por isso, antes de formalizar o pedido de financiamento identifique se este \u00e9 o melhor momento de investir, qual a op\u00e7\u00e3o mais vi\u00e1vel de investimento e como ocorre o processo de financiamento. Estas informa\u00e7\u00f5es trar\u00e3o mais seguran\u00e7a e facilidade no momento que estiver buscando o cr\u00e9dito.<\/p><p>Seja qual for o motivo, se voc\u00ea pretende investir no crescimento do seu empreendimento com recursos de institui\u00e7\u00f5es financeiras, enquanto empreendedor, precisar\u00e1 conhecer o mercado financeiro de cr\u00e9dito e adotar as medidas para acess\u00e1-lo com seguran\u00e7a.<\/p><p>A Sala do Empreendedor traz orienta\u00e7\u00f5es ao MEI na busca de cr\u00e9dito, para tanto atende na elabora\u00e7\u00e3o de projetos com a Fomento Paran\u00e1 e tamb\u00e9m celebra parcerias com institui\u00e7\u00f5es financeiras locais.<\/p><p><a href=\"http:\/\/www.fomento.pr.gov.br\/\" target=\"_blank\" rel=\"noopener\">Clique aqui<\/a> e conhe\u00e7a um pouco mais da Fomento Paran\u00e1.<\/p><p>\u00a0<\/p><\/div>\n\t\t\t\t\t\t\t<\/div>\n\t\t<\/div>\n\t\t\t\t\t\t<\/div>\n\t\t\t\t<\/div>\n\t\t\t\t\t<\/div>\n\t\t<\/div>\n\t\t\t\t\t<\/div>\n\t\t<\/section>\n\t\t\t\t<section class=\"elementor-section elementor-top-section elementor-element elementor-element-6af5d8b elementor-section-full_width elementor-section-height-default elementor-section-height-default\" data-id=\"6af5d8b\" data-element_type=\"section\">\n\t\t\t\t\t\t<div class=\"elementor-container elementor-column-gap-default\">\n\t\t\t\t\t<div class=\"elementor-column elementor-col-100 elementor-top-column elementor-element elementor-element-8299625\" data-id=\"8299625\" data-element_type=\"column\">\n\t\t\t<div class=\"elementor-widget-wrap\">\n\t\t\t\t\t\t\t<\/div>\n\t\t<\/div>\n\t\t\t\t\t<\/div>\n\t\t<\/section>\n\t\t\t\t<\/div>\n\t\t","protected":false},"excerpt":{"rendered":"<p>Posso obter cr\u00e9dito sendo MEI? Posso obter cr\u00e9dito sendo MEI? No dia a dia das atividades do empreendedor nem sempre as coisas se encaixam perfeitamente, e pode haver momentos de sobra ou de falta de dinheiro. Quando sobra, tudo \u00e9 mais f\u00e1cil, pode-se aplicar o dinheiro e esperar a melhor hora para utiliz\u00e1-lo. Por\u00e9m, quando [&hellip;]<\/p>\n","protected":false},"author":1,"featured_media":0,"parent":0,"menu_order":0,"comment_status":"closed","ping_status":"closed","template":"tpl-default-elementor.php","meta":{"footnotes":""},"class_list":["post-1603","page","type-page","status-publish","hentry"],"_links":{"self":[{"href":"https:\/\/novasantarosa.pr.gov.br\/saladoempreendedor\/wp-json\/wp\/v2\/pages\/1603","targetHints":{"allow":["GET"]}}],"collection":[{"href":"https:\/\/novasantarosa.pr.gov.br\/saladoempreendedor\/wp-json\/wp\/v2\/pages"}],"about":[{"href":"https:\/\/novasantarosa.pr.gov.br\/saladoempreendedor\/wp-json\/wp\/v2\/types\/page"}],"author":[{"embeddable":true,"href":"https:\/\/novasantarosa.pr.gov.br\/saladoempreendedor\/wp-json\/wp\/v2\/users\/1"}],"replies":[{"embeddable":true,"href":"https:\/\/novasantarosa.pr.gov.br\/saladoempreendedor\/wp-json\/wp\/v2\/comments?post=1603"}],"version-history":[{"count":12,"href":"https:\/\/novasantarosa.pr.gov.br\/saladoempreendedor\/wp-json\/wp\/v2\/pages\/1603\/revisions"}],"predecessor-version":[{"id":2794,"href":"https:\/\/novasantarosa.pr.gov.br\/saladoempreendedor\/wp-json\/wp\/v2\/pages\/1603\/revisions\/2794"}],"wp:attachment":[{"href":"https:\/\/novasantarosa.pr.gov.br\/saladoempreendedor\/wp-json\/wp\/v2\/media?parent=1603"}],"curies":[{"name":"wp","href":"https:\/\/api.w.org\/{rel}","templated":true}]}}